{"id":3090,"date":"2018-05-22T10:25:00","date_gmt":"2018-05-22T08:25:00","guid":{"rendered":"https:\/\/kalk.no\/nabo\/"},"modified":"2018-11-07T07:44:26","modified_gmt":"2018-11-07T06:44:26","slug":"neighbours","status":"publish","type":"page","link":"https:\/\/kalk.no\/en\/neighbours\/","title":{"rendered":"Neighbours"},"content":{"rendered":"","protected":false},"excerpt":{"rendered":"","protected":false},"author":1,"featured_media":0,"parent":0,"menu_order":0,"comment_status":"closed","ping_status":"closed","template":"","meta":{"_acf_changed":false,"footnotes":""},"class_list":["post-3090","page","type-page","status-publish","hentry"],"acf":[],"yoast_head":"<!-- This site is optimized with the Yoast SEO Premium plugin v24.6 (Yoast SEO v27.5) - https:\/\/yoast.com\/product\/yoast-seo-premium-wordpress\/ -->\n<title>Nabo? Motta nyhetsbrev fra v\u00e5re anlegg | Franzefoss Minerals<\/title>\n<meta name=\"description\" content=\"Vi jobber kontinuerlig for \u00e5 ha en tett og \u00e5pen dialog med deg som bor i n\u00e6rheten av et av v\u00e5re anlegg og sender derfor jevnlig ut nyhetsbrev.\" \/>\n<meta name=\"robots\" content=\"index, follow, max-snippet:-1, max-image-preview:large, max-video-preview:-1\" \/>\n<link rel=\"canonical\" href=\"https:\/\/kalk.no\/en\/neighbours\/\" \/>\n<meta property=\"og:locale\" content=\"en_US\" \/>\n<meta property=\"og:type\" content=\"article\" \/>\n<meta property=\"og:title\" content=\"Neighbours\" \/>\n<meta property=\"og:description\" content=\"Vi jobber kontinuerlig for \u00e5 ha en tett og \u00e5pen dialog med deg som bor i n\u00e6rheten av et av v\u00e5re anlegg og sender derfor jevnlig ut nyhetsbrev.\" \/>\n<meta property=\"og:url\" content=\"https:\/\/kalk.no\/en\/neighbours\/\" \/>\n<meta property=\"og:site_name\" content=\"Franzefoss Minerals\" \/>\n<meta property=\"article:modified_time\" content=\"2018-11-07T06:44:26+00:00\" \/>\n<meta name=\"twitter:card\" content=\"summary_large_image\" \/>\n<script type=\"application\/ld+json\" class=\"yoast-schema-graph\">{\"@context\":\"https:\\\/\\\/schema.org\",\"@graph\":[{\"@type\":\"WebPage\",\"@id\":\"https:\\\/\\\/kalk.no\\\/en\\\/neighbours\\\/\",\"url\":\"https:\\\/\\\/kalk.no\\\/en\\\/neighbours\\\/\",\"name\":\"Nabo? Motta nyhetsbrev fra v\u00e5re anlegg | Franzefoss Minerals\",\"isPartOf\":{\"@id\":\"https:\\\/\\\/kalk.no\\\/#website\"},\"datePublished\":\"2018-05-22T08:25:00+00:00\",\"dateModified\":\"2018-11-07T06:44:26+00:00\",\"description\":\"Vi jobber kontinuerlig for \u00e5 ha en tett og \u00e5pen dialog med deg som bor i n\u00e6rheten av et av v\u00e5re anlegg og sender derfor jevnlig ut nyhetsbrev.\",\"breadcrumb\":{\"@id\":\"https:\\\/\\\/kalk.no\\\/en\\\/neighbours\\\/#breadcrumb\"},\"inLanguage\":\"en-US\",\"potentialAction\":[{\"@type\":\"ReadAction\",\"target\":[\"https:\\\/\\\/kalk.no\\\/en\\\/neighbours\\\/\"]}]},{\"@type\":\"BreadcrumbList\",\"@id\":\"https:\\\/\\\/kalk.no\\\/en\\\/neighbours\\\/#breadcrumb\",\"itemListElement\":[{\"@type\":\"ListItem\",\"position\":1,\"name\":\"Hjem\",\"item\":\"https:\\\/\\\/kalk.no\\\/en\\\/\"},{\"@type\":\"ListItem\",\"position\":2,\"name\":\"Neighbours\"}]},{\"@type\":\"WebSite\",\"@id\":\"https:\\\/\\\/kalk.no\\\/#website\",\"url\":\"https:\\\/\\\/kalk.no\\\/\",\"name\":\"Franzefoss Minerals\",\"description\":\"Kalk siden 1919\",\"potentialAction\":[{\"@type\":\"SearchAction\",\"target\":{\"@type\":\"EntryPoint\",\"urlTemplate\":\"https:\\\/\\\/kalk.no\\\/?s={search_term_string}\"},\"query-input\":{\"@type\":\"PropertyValueSpecification\",\"valueRequired\":true,\"valueName\":\"search_term_string\"}}],\"inLanguage\":\"en-US\"}]}<\/script>\n<!-- \/ Yoast SEO Premium plugin. -->","yoast_head_json":{"title":"Nabo? Motta nyhetsbrev fra v\u00e5re anlegg | Franzefoss Minerals","description":"Vi jobber kontinuerlig for \u00e5 ha en tett og \u00e5pen dialog med deg som bor i n\u00e6rheten av et av v\u00e5re anlegg og sender derfor jevnlig ut nyhetsbrev.","robots":{"index":"index","follow":"follow","max-snippet":"max-snippet:-1","max-image-preview":"max-image-preview:large","max-video-preview":"max-video-preview:-1"},"canonical":"https:\/\/kalk.no\/en\/neighbours\/","og_locale":"en_US","og_type":"article","og_title":"Neighbours","og_description":"Vi jobber kontinuerlig for \u00e5 ha en tett og \u00e5pen dialog med deg som bor i n\u00e6rheten av et av v\u00e5re anlegg og sender derfor jevnlig ut nyhetsbrev.","og_url":"https:\/\/kalk.no\/en\/neighbours\/","og_site_name":"Franzefoss Minerals","article_modified_time":"2018-11-07T06:44:26+00:00","twitter_card":"summary_large_image","schema":{"@context":"https:\/\/schema.org","@graph":[{"@type":"WebPage","@id":"https:\/\/kalk.no\/en\/neighbours\/","url":"https:\/\/kalk.no\/en\/neighbours\/","name":"Nabo? Motta nyhetsbrev fra v\u00e5re anlegg | Franzefoss Minerals","isPartOf":{"@id":"https:\/\/kalk.no\/#website"},"datePublished":"2018-05-22T08:25:00+00:00","dateModified":"2018-11-07T06:44:26+00:00","description":"Vi jobber kontinuerlig for \u00e5 ha en tett og \u00e5pen dialog med deg som bor i n\u00e6rheten av et av v\u00e5re anlegg og sender derfor jevnlig ut nyhetsbrev.","breadcrumb":{"@id":"https:\/\/kalk.no\/en\/neighbours\/#breadcrumb"},"inLanguage":"en-US","potentialAction":[{"@type":"ReadAction","target":["https:\/\/kalk.no\/en\/neighbours\/"]}]},{"@type":"BreadcrumbList","@id":"https:\/\/kalk.no\/en\/neighbours\/#breadcrumb","itemListElement":[{"@type":"ListItem","position":1,"name":"Hjem","item":"https:\/\/kalk.no\/en\/"},{"@type":"ListItem","position":2,"name":"Neighbours"}]},{"@type":"WebSite","@id":"https:\/\/kalk.no\/#website","url":"https:\/\/kalk.no\/","name":"Franzefoss Minerals","description":"Kalk siden 1919","potentialAction":[{"@type":"SearchAction","target":{"@type":"EntryPoint","urlTemplate":"https:\/\/kalk.no\/?s={search_term_string}"},"query-input":{"@type":"PropertyValueSpecification","valueRequired":true,"valueName":"search_term_string"}}],"inLanguage":"en-US"}]}},"_links":{"self":[{"href":"https:\/\/kalk.no\/en\/wp-json\/wp\/v2\/pages\/3090","targetHints":{"allow":["GET"]}}],"collection":[{"href":"https:\/\/kalk.no\/en\/wp-json\/wp\/v2\/pages"}],"about":[{"href":"https:\/\/kalk.no\/en\/wp-json\/wp\/v2\/types\/page"}],"author":[{"embeddable":true,"href":"https:\/\/kalk.no\/en\/wp-json\/wp\/v2\/users\/1"}],"replies":[{"embeddable":true,"href":"https:\/\/kalk.no\/en\/wp-json\/wp\/v2\/comments?post=3090"}],"version-history":[{"count":2,"href":"https:\/\/kalk.no\/en\/wp-json\/wp\/v2\/pages\/3090\/revisions"}],"predecessor-version":[{"id":3122,"href":"https:\/\/kalk.no\/en\/wp-json\/wp\/v2\/pages\/3090\/revisions\/3122"}],"wp:attachment":[{"href":"https:\/\/kalk.no\/en\/wp-json\/wp\/v2\/media?parent=3090"}],"curies":[{"name":"wp","href":"https:\/\/api.w.org\/{rel}","templated":true}]}}